{"id":4882,"date":"2024-12-30T10:29:52","date_gmt":"2024-12-30T10:29:52","guid":{"rendered":"https:\/\/kolimai.upv.edu.es\/raiar\/?page_id=4882"},"modified":"2024-12-30T10:29:52","modified_gmt":"2024-12-30T10:29:52","slug":"politica-de-privacidade","status":"publish","type":"page","link":"https:\/\/kolimai.upv.edu.es\/raiar\/?page_id=4882","title":{"rendered":"Politica de privacidade"},"content":{"rendered":"[vc_row type=&#8221;full_width_background&#8221; full_screen_row_position=&#8221;middle&#8221; column_margin=&#8221;custom&#8221; column_margin_custom=&#8221;5%&#8221; column_direction=&#8221;default&#8221; column_direction_tablet=&#8221;default&#8221; column_direction_phone=&#8221;default&#8221; scene_position=&#8221;center&#8221; top_padding=&#8221;8%&#8221; constrain_group_1=&#8221;yes&#8221; bottom_padding=&#8221;8%&#8221; text_color=&#8221;dark&#8221; text_align=&#8221;left&#8221; row_border_radius=&#8221;none&#8221; row_border_radius_applies=&#8221;bg&#8221; overflow=&#8221;visible&#8221; overlay_strength=&#8221;0.3&#8243; gradient_direction=&#8221;left_to_right&#8221; shape_divider_position=&#8221;bottom&#8221; bg_image_animation=&#8221;none&#8221; shape_type=&#8221;&#8221; gradient_type=&#8221;default&#8221;][vc_column column_padding=&#8221;no-extra-padding&#8221; column_padding_tablet=&#8221;inherit&#8221; column_padding_phone=&#8221;inherit&#8221; column_padding_position=&#8221;all&#8221; column_element_direction_desktop=&#8221;default&#8221; column_element_spacing=&#8221;default&#8221; desktop_text_alignment=&#8221;default&#8221; tablet_text_alignment=&#8221;default&#8221; phone_text_alignment=&#8221;default&#8221; sticky_content=&#8221;true&#8221; sticky_content_functionality=&#8221;css&#8221; sticky_content_alignment=&#8221;default&#8221; background_color_opacity=&#8221;1&#8243; background_hover_color_opacity=&#8221;1&#8243; background_image=&#8221;4754&#8243; background_image_position=&#8221;center center&#8221; background_image_stacking=&#8221;default&#8221; background_image_loading=&#8221;default&#8221; column_backdrop_filter=&#8221;none&#8221; column_shadow=&#8221;none&#8221; column_border_radius=&#8221;none&#8221; column_link_target=&#8221;_self&#8221; column_position=&#8221;default&#8221; gradient_direction=&#8221;left_to_right&#8221; overlay_strength=&#8221;0.3&#8243; width=&#8221;1\/3&#8243; tablet_width_inherit=&#8221;default&#8221; animation_type=&#8221;default&#8221; bg_image_animation=&#8221;none&#8221; border_type=&#8221;simple&#8221; column_border_width=&#8221;none&#8221; column_border_style=&#8221;solid&#8221; mask_enable=&#8221;true&#8221; mask_shape=&#8221;circle-rect&#8221; mask_size=&#8221;contain&#8221; mask_alignment_desktop=&#8221;left-top&#8221; column_padding_type=&#8221;default&#8221; gradient_type=&#8221;default&#8221; offset=&#8221;vc_col-xs-3 vc_hidden-xs&#8221;][divider line_type=&#8221;No Line&#8221; custom_height=&#8221;45vh&#8221; custom_height_tablet=&#8221;35vw&#8221; custom_height_phone=&#8221;25vw&#8221;][\/vc_column][vc_column column_padding=&#8221;no-extra-padding&#8221; column_padding_tablet=&#8221;inherit&#8221; column_padding_phone=&#8221;inherit&#8221; column_padding_position=&#8221;all&#8221; column_element_direction_desktop=&#8221;default&#8221; column_element_spacing=&#8221;10px&#8221; desktop_text_alignment=&#8221;default&#8221; tablet_text_alignment=&#8221;default&#8221; phone_text_alignment=&#8221;default&#8221; background_color_opacity=&#8221;1&#8243; background_hover_color_opacity=&#8221;1&#8243; column_backdrop_filter=&#8221;none&#8221; column_shadow=&#8221;none&#8221; column_border_radius=&#8221;none&#8221; column_link_target=&#8221;_self&#8221; column_position=&#8221;default&#8221; gradient_direction=&#8221;left_to_right&#8221; overlay_strength=&#8221;0.3&#8243; width=&#8221;2\/3&#8243; tablet_width_inherit=&#8221;small_desktop&#8221; animation_type=&#8221;default&#8221; bg_image_animation=&#8221;none&#8221; border_type=&#8221;simple&#8221; column_border_width=&#8221;none&#8221; column_border_style=&#8221;solid&#8221; column_padding_type=&#8221;default&#8221; gradient_type=&#8221;default&#8221;][vc_column_text]Pol\u00edtica de Privacidade[\/vc_column_text][split_line_heading animation_type=&#8221;line-reveal-by-space&#8221; font_style=&#8221;h3&#8243; font_size_max=&#8221;90px&#8221; line_reveal_by_space_text_effect=&#8221;scroll-opacity-reveal&#8221; stagger_animation=&#8221;true&#8221; content_alignment=&#8221;default&#8221; mobile_content_alignment=&#8221;inherit&#8221; link_target=&#8221;_self&#8221; text_content=&#8221;Nesta p\u00e1gina, explicamos como coletamos, usamos e protegemos as informa\u00e7\u00f5es pessoais dos nossos usu\u00e1rios, de acordo com o Regulamento Geral sobre a Prote\u00e7\u00e3o de Dados (RGPD) da Uni\u00e3o Europeia.<br \/>\nInforma\u00e7\u00f5es que coletamos Coletamos as seguintes informa\u00e7\u00f5es pessoais dos nossos usu\u00e1rios:<br \/>\nNome e endere\u00e7o de e-mail.<br \/>\nEndere\u00e7o IP e informa\u00e7\u00f5es de navega\u00e7\u00e3o.<br \/>\nQuaisquer outras informa\u00e7\u00f5es que voc\u00ea forne\u00e7a voluntariamente ao usar nossos servi\u00e7os.<br \/>\nUsamos suas informa\u00e7\u00f5es pessoais para:<br \/>\nFornecer e melhorar nossos servi\u00e7os.<br \/>\nComunicar com voc\u00ea sobre atualiza\u00e7\u00f5es e novidades.<br \/>\nPersonalizar seu conte\u00fado e experi\u00eancia.<br \/>\nCumprir obriga\u00e7\u00f5es legais e regulat\u00f3rias.&#8221; font_size=&#8221;4.5vw&#8221; font_size_phone=&#8221;3em&#8221; font_line_height=&#8221;1.3&#8243; font_size_tablet=&#8221;7vw&#8221;][\/split_line_heading][divider line_type=&#8221;No Line&#8221; custom_height=&#8221;3vw&#8221;][split_line_heading animation_type=&#8221;line-reveal-by-space&#8221; font_style=&#8221;h3&#8243; font_size_max=&#8221;90px&#8221; line_reveal_by_space_text_effect=&#8221;scroll-opacity-reveal&#8221; stagger_animation=&#8221;true&#8221; content_alignment=&#8221;default&#8221; mobile_content_alignment=&#8221;inherit&#8221; link_target=&#8221;_self&#8221; text_content=&#8221;Compartilhamento de informa\u00e7\u00f5es N\u00e3o compartilhamos suas informa\u00e7\u00f5es pessoais com terceiros, exceto nos seguintes casos:<br \/>\nCom prestadores de servi\u00e7os que precisam acessar suas informa\u00e7\u00f5es para executar tarefas em nosso nome.<br \/>\nSe formos obrigados por lei ou em resposta a uma ordem judicial.<br \/>\nSeguran\u00e7a de dados Implementamos medidas de seguran\u00e7a t\u00e9cnicas e organizacionais adequadas para proteger suas informa\u00e7\u00f5es pessoais contra acesso n\u00e3o autorizado, altera\u00e7\u00e3o, divulga\u00e7\u00e3o ou destrui\u00e7\u00e3o.<br \/>\nSeus direitos De acordo com o RGPD, voc\u00ea tem os seguintes direitos em rela\u00e7\u00e3o \u00e0s suas informa\u00e7\u00f5es pessoais:<br \/>\nAcesso, retifica\u00e7\u00e3o, exclus\u00e3o e portabilidade de dados.<br \/>\nRestri\u00e7\u00e3o ou oposi\u00e7\u00e3o ao processamento de dados.<br \/>\nApresentar reclama\u00e7\u00f5es a uma autoridade de prote\u00e7\u00e3o de dados.&#8221; font_size=&#8221;4.5vw&#8221; font_size_phone=&#8221;3em&#8221; font_line_height=&#8221;1.3&#8243; font_size_tablet=&#8221;7vw&#8221;][\/split_line_heading][vc_row_inner column_margin=&#8221;default&#8221; column_direction=&#8221;default&#8221; column_direction_tablet=&#8221;default&#8221; column_direction_phone=&#8221;default&#8221; top_padding=&#8221;10%&#8221; top_padding_tablet=&#8221;5%&#8221; text_align=&#8221;left&#8221; row_position=&#8221;default&#8221; row_position_tablet=&#8221;inherit&#8221; row_position_phone=&#8221;inherit&#8221; overflow=&#8221;visible&#8221; pointer_events=&#8221;all&#8221;][vc_column_inner column_padding=&#8221;no-extra-padding&#8221; column_padding_tablet=&#8221;inherit&#8221; column_padding_phone=&#8221;inherit&#8221; column_padding_position=&#8221;all&#8221; column_element_direction_desktop=&#8221;default&#8221; column_element_spacing=&#8221;default&#8221; desktop_text_alignment=&#8221;default&#8221; tablet_text_alignment=&#8221;default&#8221; phone_text_alignment=&#8221;default&#8221; background_color_opacity=&#8221;1&#8243; background_hover_color_opacity=&#8221;1&#8243; column_backdrop_filter=&#8221;none&#8221; column_shadow=&#8221;none&#8221; column_border_radius=&#8221;none&#8221; column_link_target=&#8221;_self&#8221; overflow=&#8221;visible&#8221; gradient_direction=&#8221;left_to_right&#8221; overlay_strength=&#8221;0.3&#8243; width=&#8221;1\/2&#8243; tablet_width_inherit=&#8221;default&#8221; animation_type=&#8221;default&#8221; bg_image_animation=&#8221;none&#8221; border_type=&#8221;simple&#8221; column_border_width=&#8221;none&#8221; column_border_style=&#8221;solid&#8221;][\/vc_column_inner][vc_column_inner left_padding_desktop=&#8221;10%&#8221; left_padding_tablet=&#8221;0&#8243; column_element_direction_desktop=&#8221;default&#8221; column_element_spacing=&#8221;default&#8221; desktop_text_alignment=&#8221;default&#8221; tablet_text_alignment=&#8221;default&#8221; phone_text_alignment=&#8221;default&#8221; background_color_opacity=&#8221;1&#8243; background_hover_color_opacity=&#8221;1&#8243; column_backdrop_filter=&#8221;none&#8221; column_shadow=&#8221;none&#8221; column_border_radius=&#8221;none&#8221; column_link_target=&#8221;_self&#8221; overflow=&#8221;visible&#8221; gradient_direction=&#8221;left_to_right&#8221; overlay_strength=&#8221;0.3&#8243; width=&#8221;1\/2&#8243; tablet_width_inherit=&#8221;default&#8221; animation_type=&#8221;default&#8221; bg_image_animation=&#8221;none&#8221; border_type=&#8221;simple&#8221; column_border_width=&#8221;none&#8221; column_border_style=&#8221;solid&#8221; column_padding_type=&#8221;advanced&#8221; gradient_type=&#8221;default&#8221;][nectar_responsive_text]Para exercer esses direitos ou se voc\u00ea tiver alguma d\u00favida sobre nossa pol\u00edtica de privacidade, entre em contato conosco pelo Instagram @raiarhistorias.[\/nectar_responsive_text][\/vc_column_inner][\/vc_row_inner][\/vc_column][\/vc_row]\n","protected":false},"excerpt":{"rendered":"<p>[vc_row type=&#8221;full_width_background&#8221; full_screen_row_position=&#8221;middle&#8221; column_margin=&#8221;custom&#8221; column_margin_custom=&#8221;5%&#8221; column_direction=&#8221;default&#8221; column_direction_tablet=&#8221;default&#8221; column_direction_phone=&#8221;default&#8221; scene_position=&#8221;center&#8221; top_padding=&#8221;8%&#8221; constrain_group_1=&#8221;yes&#8221; bottom_padding=&#8221;8%&#8221; text_color=&#8221;dark&#8221; text_align=&#8221;left&#8221; row_border_radius=&#8221;none&#8221; row_border_radius_applies=&#8221;bg&#8221; overflow=&#8221;visible&#8221; overlay_strength=&#8221;0.3&#8243; gradient_direction=&#8221;left_to_right&#8221; shape_divider_position=&#8221;bottom&#8221; bg_image_animation=&#8221;none&#8221; shape_type=&#8221;&#8221; gradient_type=&#8221;default&#8221;][vc_column column_padding=&#8221;no-extra-padding&#8221; column_padding_tablet=&#8221;inherit&#8221; column_padding_phone=&#8221;inherit&#8221; column_padding_position=&#8221;all&#8221; column_element_direction_desktop=&#8221;default&#8221; column_element_spacing=&#8221;default&#8221; desktop_text_alignment=&#8221;default&#8221;&#8230;<\/p>\n","protected":false},"author":1,"featured_media":0,"parent":0,"menu_order":0,"comment_status":"closed","ping_status":"closed","template":"","meta":{"footnotes":""},"class_list":["post-4882","page","type-page","status-publish"],"_links":{"self":[{"href":"https:\/\/kolimai.upv.edu.es\/raiar\/index.php?rest_route=\/wp\/v2\/pages\/4882","targetHints":{"allow":["GET"]}}],"collection":[{"href":"https:\/\/kolimai.upv.edu.es\/raiar\/index.php?rest_route=\/wp\/v2\/pages"}],"about":[{"href":"https:\/\/kolimai.upv.edu.es\/raiar\/index.php?rest_route=\/wp\/v2\/types\/page"}],"author":[{"embeddable":true,"href":"https:\/\/kolimai.upv.edu.es\/raiar\/index.php?rest_route=\/wp\/v2\/users\/1"}],"replies":[{"embeddable":true,"href":"https:\/\/kolimai.upv.edu.es\/raiar\/index.php?rest_route=%2Fwp%2Fv2%2Fcomments&post=4882"}],"version-history":[{"count":3,"href":"https:\/\/kolimai.upv.edu.es\/raiar\/index.php?rest_route=\/wp\/v2\/pages\/4882\/revisions"}],"predecessor-version":[{"id":4885,"href":"https:\/\/kolimai.upv.edu.es\/raiar\/index.php?rest_route=\/wp\/v2\/pages\/4882\/revisions\/4885"}],"wp:attachment":[{"href":"https:\/\/kolimai.upv.edu.es\/raiar\/index.php?rest_route=%2Fwp%2Fv2%2Fmedia&parent=4882"}],"curies":[{"name":"wp","href":"https:\/\/api.w.org\/{rel}","templated":true}]}}